{"id":7355,"date":"2022-04-05T13:54:29","date_gmt":"2022-04-05T13:54:29","guid":{"rendered":"http:\/\/yumacalador.com\/about\/"},"modified":"2022-04-05T13:54:29","modified_gmt":"2022-04-05T13:54:29","slug":"about","status":"publish","type":"page","link":"https:\/\/yumacalador.com\/es\/about\/","title":{"rendered":"About"},"content":{"rendered":"\t\t<div data-elementor-type=\"wp-page\" data-elementor-id=\"7355\" class=\"elementor elementor-7355\" data-elementor-post-type=\"page\">\n\t\t\t\t\t\t<section class=\"elementor-section elementor-top-section elementor-element elementor-element-45fed3cf pt-section-content-fullwidth pt-parallax-on-scroll pt_scroll_y_400 elementor-section-boxed elementor-section-height-default elementor-section-height-default\" data-id=\"45fed3cf\" data-element_type=\"section\" data-settings=\"{&quot;background_background&quot;:&quot;classic&quot;}\" data-pt-parallax-y=\"400\" style=\"background-image: none;\" data-pt-background-image=\"https:\/\/patiotime.loftocean.com\/demo3\/wp-content\/uploads\/sites\/3\/2022\/04\/q-u-i-Zrp9b3PMIy8-unsplash.jpg\">\n\t\t\t\t\t\t\t<div class=\"elementor-background-overlay\"><\/div>\n\t\t\t\t\t\t\t<div class=\"elementor-container elementor-column-gap-no\">\n\t\t\t\t\t<div class=\"elementor-column elementor-col-100 elementor-top-column elementor-element elementor-element-534bfec1 dark-color\" data-id=\"534bfec1\" data-element_type=\"column\">\n\t\t\t<div class=\"elementor-widget-wrap elementor-element-populated\">\n\t\t\t\t\t\t<div class=\"elementor-element elementor-element-2be3b49b elementor-widget elementor-widget-pt_title\" data-id=\"2be3b49b\" data-element_type=\"widget\" data-widget_type=\"pt_title.default\">\n\t\t\t\t<div class=\"elementor-widget-container\">\n\t\t\t\t\t\n        <div class=\"pt-title-wrap text-center\">\t            <h1 class=\"pt-title\">\n\t                Our Story\t            <\/h1>        <\/div>\t\t\t\t<\/div>\n\t\t\t\t<\/div>\n\t\t\t\t\t<\/div>\n\t\t<\/div>\n\t\t\t\t\t<\/div>\n\t\t<\/section>\n\t\t\t\t<section class=\"elementor-section elementor-top-section elementor-element elementor-element-3d86ece elementor-section-boxed elementor-section-height-default elementor-section-height-default\" data-id=\"3d86ece\" data-element_type=\"section\">\n\t\t\t\t\t\t<div class=\"elementor-container elementor-column-gap-no\">\n\t\t\t\t\t<div class=\"elementor-column elementor-col-100 elementor-top-column elementor-element elementor-element-362adcd\" data-id=\"362adcd\" data-element_type=\"column\">\n\t\t\t<div class=\"elementor-widget-wrap elementor-element-populated\">\n\t\t\t\t\t\t<div class=\"elementor-element elementor-element-c898b7b elementor-widget elementor-widget-pt_title\" data-id=\"c898b7b\" data-element_type=\"widget\" data-widget_type=\"pt_title.default\">\n\t\t\t\t<div class=\"elementor-widget-container\">\n\t\t\t\t\t\n        <div class=\"pt-title-wrap text-center\">\t            <div class=\"pt-subtitle-wrap\"><span class=\"pt-subtitle\">THE SECRET OF OUR SUCCESS<\/span><\/div>\t            <h6 class=\"pt-title\">\n\t                A distinctive, well-preserved and comfortable space, high-quality products, authentic cuisine, food and drinks are done flawlessly.\t            <\/h6>\t            <div class=\"pt-title-text\">\n\t                &#8211; The Best Place To Be &#8211;\t            <\/div>        <\/div>\t\t\t\t<\/div>\n\t\t\t\t<\/div>\n\t\t\t\t\t<\/div>\n\t\t<\/div>\n\t\t\t\t\t<\/div>\n\t\t<\/section>\n\t\t\t\t<section class=\"elementor-section elementor-top-section elementor-element elementor-element-bb141ee elementor-section-boxed elementor-section-height-default elementor-section-height-default\" data-id=\"bb141ee\" data-element_type=\"section\">\n\t\t\t\t\t\t<div class=\"elementor-container elementor-column-gap-no\">\n\t\t\t\t\t<div class=\"elementor-column elementor-col-100 elementor-top-column elementor-element elementor-element-67e5fea\" data-id=\"67e5fea\" data-element_type=\"column\">\n\t\t\t<div class=\"elementor-widget-wrap elementor-element-populated\">\n\t\t\t\t\t\t<div class=\"elementor-element elementor-element-69a178d pt-animation-medium-offset elementor-invisible elementor-widget elementor-widget-pt_gallery\" data-id=\"69a178d\" data-element_type=\"widget\" data-settings=\"{&quot;_animation&quot;:&quot;fadeInUp&quot;,&quot;_animation_delay&quot;:200}\" data-widget_type=\"pt_gallery.default\">\n\t\t\t\t<div class=\"elementor-widget-container\">\n\t\t\t\t\t\n            <div class=\"pt-gallery gap-32 gallery-carousel slider-dots-overlap\" data-column=\"3\" data-fade=\"\" data-autoplay=\"off\" data-autoplay-speed=\"5000\" data-show-arrows=\"\" data-show-dots=\"on\">\n                <div class=\"pt-gallery-wrap\">                    <div class=\"pt-gallery-item\">                            <a href=\"https:\/\/patiotime.loftocean.com\/demo3\/wp-content\/uploads\/sites\/3\/2022\/04\/img-12.jpg\" data-elementor-open-lightbox=\"yes\" data-elementor-lightbox-slideshow=\"69a178d\" data-elementor-lightbox-title=\"img-12.jpg\" data-e-action-hash=\"#elementor-action%3Aaction%3Dlightbox%26settings%3DeyJpZCI6NjE3NCwidXJsIjoiaHR0cHM6XC9cL3l1bWFjYWxhZG9yLmNvbVwvd3AtY29udGVudFwvdXBsb2Fkc1wvMjAyMlwvMDRcL2ltZy0xMi5qcGciLCJzbGlkZXNob3ciOiI2OWExNzhkIn0%3D\"><img fetchpriority=\"high\" decoding=\"async\" width=\"370\" height=\"554\" src=\"https:\/\/yumacalador.com\/wp-content\/uploads\/2022\/04\/img-12-370x554.jpg\" class=\"attachment-patiotime_370x9999 size-patiotime_370x9999 wp-image-6174\" alt=\"\" srcset=\"https:\/\/yumacalador.com\/wp-content\/uploads\/2022\/04\/img-12-370x554.jpg 370w, https:\/\/yumacalador.com\/wp-content\/uploads\/2022\/04\/img-12-200x300.jpg 200w, https:\/\/yumacalador.com\/wp-content\/uploads\/2022\/04\/img-12-550x824.jpg 550w, https:\/\/yumacalador.com\/wp-content\/uploads\/2022\/04\/img-12-255x382.jpg 255w, https:\/\/yumacalador.com\/wp-content\/uploads\/2022\/04\/img-12.jpg 576w\" sizes=\"(max-width: 370px) 100vw, 370px\" \/><\/a>                    <\/div>                    <div class=\"pt-gallery-item\">                            <a href=\"https:\/\/patiotime.loftocean.com\/demo3\/wp-content\/uploads\/sites\/3\/2022\/04\/andrea-riezzo-1hKZ0A182Bk-unsplash-2.jpg\" data-elementor-open-lightbox=\"yes\" data-elementor-lightbox-slideshow=\"69a178d\" data-elementor-lightbox-title=\"andrea-riezzo-1hKZ0A182Bk-unsplash-2.jpg\" data-e-action-hash=\"#elementor-action%3Aaction%3Dlightbox%26settings%3DeyJpZCI6NjE3NywidXJsIjoiaHR0cHM6XC9cL3l1bWFjYWxhZG9yLmNvbVwvd3AtY29udGVudFwvdXBsb2Fkc1wvMjAyMlwvMDRcL2FuZHJlYS1yaWV6em8tMWhLWjBBMTgyQmstdW5zcGxhc2gtMi5qcGciLCJzbGlkZXNob3ciOiI2OWExNzhkIn0%3D\"><img decoding=\"async\" width=\"370\" height=\"555\" src=\"https:\/\/yumacalador.com\/wp-content\/uploads\/2022\/04\/andrea-riezzo-1hKZ0A182Bk-unsplash-2-370x555.jpg\" class=\"attachment-patiotime_370x9999 size-patiotime_370x9999 wp-image-6177\" alt=\"\" srcset=\"https:\/\/yumacalador.com\/wp-content\/uploads\/2022\/04\/andrea-riezzo-1hKZ0A182Bk-unsplash-2-370x555.jpg 370w, https:\/\/yumacalador.com\/wp-content\/uploads\/2022\/04\/andrea-riezzo-1hKZ0A182Bk-unsplash-2-200x300.jpg 200w, https:\/\/yumacalador.com\/wp-content\/uploads\/2022\/04\/andrea-riezzo-1hKZ0A182Bk-unsplash-2-550x825.jpg 550w, https:\/\/yumacalador.com\/wp-content\/uploads\/2022\/04\/andrea-riezzo-1hKZ0A182Bk-unsplash-2-255x383.jpg 255w, https:\/\/yumacalador.com\/wp-content\/uploads\/2022\/04\/andrea-riezzo-1hKZ0A182Bk-unsplash-2.jpg 576w\" sizes=\"(max-width: 370px) 100vw, 370px\" \/><\/a>                    <\/div>                    <div class=\"pt-gallery-item\">                            <a href=\"https:\/\/patiotime.loftocean.com\/demo3\/wp-content\/uploads\/sites\/3\/2022\/04\/img-14.jpg\" data-elementor-open-lightbox=\"yes\" data-elementor-lightbox-slideshow=\"69a178d\" data-elementor-lightbox-title=\"img-14.jpg\" data-e-action-hash=\"#elementor-action%3Aaction%3Dlightbox%26settings%3DeyJpZCI6NjE3NiwidXJsIjoiaHR0cHM6XC9cL3l1bWFjYWxhZG9yLmNvbVwvd3AtY29udGVudFwvdXBsb2Fkc1wvMjAyMlwvMDRcL2ltZy0xNC5qcGciLCJzbGlkZXNob3ciOiI2OWExNzhkIn0%3D\"><img decoding=\"async\" width=\"370\" height=\"556\" src=\"https:\/\/yumacalador.com\/wp-content\/uploads\/2022\/04\/img-14-370x556.jpg\" class=\"attachment-patiotime_370x9999 size-patiotime_370x9999 wp-image-6176\" alt=\"\" srcset=\"https:\/\/yumacalador.com\/wp-content\/uploads\/2022\/04\/img-14-370x556.jpg 370w, https:\/\/yumacalador.com\/wp-content\/uploads\/2022\/04\/img-14-200x300.jpg 200w, https:\/\/yumacalador.com\/wp-content\/uploads\/2022\/04\/img-14-550x827.jpg 550w, https:\/\/yumacalador.com\/wp-content\/uploads\/2022\/04\/img-14-255x383.jpg 255w, https:\/\/yumacalador.com\/wp-content\/uploads\/2022\/04\/img-14.jpg 576w\" sizes=\"(max-width: 370px) 100vw, 370px\" \/><\/a>                    <\/div>                <\/div>\n            <\/div>\t\t\t\t<\/div>\n\t\t\t\t<\/div>\n\t\t\t\t\t<\/div>\n\t\t<\/div>\n\t\t\t\t\t<\/div>\n\t\t<\/section>\n\t\t\t\t<section class=\"elementor-section elementor-top-section elementor-element elementor-element-a0e56a2 elementor-section-boxed elementor-section-height-default elementor-section-height-default\" data-id=\"a0e56a2\" data-element_type=\"section\">\n\t\t\t\t\t\t<div class=\"elementor-container elementor-column-gap-no\">\n\t\t\t\t\t<div class=\"elementor-column elementor-col-50 elementor-top-column elementor-element elementor-element-5ecd56e\" data-id=\"5ecd56e\" data-element_type=\"column\" data-settings=\"{&quot;background_background&quot;:&quot;classic&quot;}\">\n\t\t\t<div class=\"elementor-widget-wrap elementor-element-populated\">\n\t\t\t\t\t\t<div class=\"elementor-element elementor-element-31ede16 elementor-widget elementor-widget-pt_title\" data-id=\"31ede16\" data-element_type=\"widget\" data-widget_type=\"pt_title.default\">\n\t\t\t\t<div class=\"elementor-widget-container\">\n\t\t\t\t\t\n        <div class=\"pt-title-wrap text-center\">\t            <div class=\"pt-subtitle-wrap\"><span class=\"pt-subtitle\">The restaurant's History<\/span><\/div>\t            <h6 class=\"pt-title\">\n\t                Our Philosophy\t            <\/h6>\t            <div class=\"pt-title-text\">\n\t                <div class=\"flex flex-grow flex-col gap-3\"><div class=\"min-h-[20px] flex flex-col items-start gap-4 whitespace-pre-wrap break-words\"><div class=\"markdown prose w-full break-words dark:prose-invert light\"><p>Authentic Culinary Exploration in Cala d&#8217;Or, Mallorca<\/p><p>Discover a world of flavor at Restaurant Yuma in Cala d&#8217;Or, Mallorca. Our philosophy combines authenticity, creativity, sustainability, and community, creating an unforgettable dining experience. Explore our menu crafted with respect for ingredients, techniques, and cultural heritage. Delight your senses with innovative twists and unexpected presentations. Experience sustainable dining with locally sourced, organic ingredients. Join our inclusive community and forge connections over exceptional food. Visit Restaurant Yuma for a transformative gastronomic adventure. Indulge in culinary artistry that surprises and inspires. Discover the taste of authenticity in every dish. Book a table and embark on a unique journey today.<\/p><\/div><\/div><\/div>\t            <\/div>        <\/div>\t\t\t\t<\/div>\n\t\t\t\t<\/div>\n\t\t\t\t\t<\/div>\n\t\t<\/div>\n\t\t\t\t<div class=\"elementor-column elementor-col-50 elementor-top-column elementor-element elementor-element-6f612d2 pt-animation-medium-offset elementor-invisible\" data-id=\"6f612d2\" data-element_type=\"column\" data-settings=\"{&quot;background_background&quot;:&quot;classic&quot;,&quot;animation&quot;:&quot;fadeInUp&quot;,&quot;animation_delay&quot;:200}\">\n\t\t\t<div class=\"elementor-widget-wrap elementor-element-populated\">\n\t\t\t\t\t\t<div class=\"elementor-element elementor-element-391e9ea elementor-widget elementor-widget-spacer\" data-id=\"391e9ea\" data-element_type=\"widget\" data-widget_type=\"spacer.default\">\n\t\t\t\t<div class=\"elementor-widget-container\">\n\t\t\t\t\t\t\t<div class=\"elementor-spacer\">\n\t\t\t<div class=\"elementor-spacer-inner\"><\/div>\n\t\t<\/div>\n\t\t\t\t\t\t<\/div>\n\t\t\t\t<\/div>\n\t\t\t\t\t<\/div>\n\t\t<\/div>\n\t\t\t\t\t<\/div>\n\t\t<\/section>\n\t\t\t\t<section class=\"elementor-section elementor-top-section elementor-element elementor-element-1d37f4a elementor-section-boxed elementor-section-height-default elementor-section-height-default\" data-id=\"1d37f4a\" data-element_type=\"section\">\n\t\t\t\t\t\t<div class=\"elementor-container elementor-column-gap-no\">\n\t\t\t\t\t<div class=\"elementor-column elementor-col-100 elementor-top-column elementor-element elementor-element-50857d4\" data-id=\"50857d4\" data-element_type=\"column\">\n\t\t\t<div class=\"elementor-widget-wrap elementor-element-populated\">\n\t\t\t\t\t\t<div class=\"elementor-element elementor-element-e342935 pt-animation-medium-offset elementor-invisible elementor-widget elementor-widget-pt_gallery\" data-id=\"e342935\" data-element_type=\"widget\" data-settings=\"{&quot;_animation&quot;:&quot;fadeInUp&quot;,&quot;_animation_delay&quot;:200}\" data-widget_type=\"pt_gallery.default\">\n\t\t\t\t<div class=\"elementor-widget-container\">\n\t\t\t\t\t\n            <div class=\"pt-gallery gap-32 gallery-carousel slider-dots-overlap\" data-column=\"3\" data-fade=\"\" data-autoplay=\"off\" data-autoplay-speed=\"5000\" data-show-arrows=\"\" data-show-dots=\"on\">\n                <div class=\"pt-gallery-wrap\">                    <div class=\"pt-gallery-item\">                            <a href=\"https:\/\/yumacalador.com\/wp-content\/uploads\/2023\/04\/20220403160340_IMG_5962.jpg\" data-elementor-open-lightbox=\"yes\" data-elementor-lightbox-slideshow=\"e342935\" data-elementor-lightbox-title=\"20220403160340_IMG_5962\" data-e-action-hash=\"#elementor-action%3Aaction%3Dlightbox%26settings%3DeyJpZCI6NjgwMCwidXJsIjoiaHR0cHM6XC9cL3l1bWFjYWxhZG9yLmNvbVwvd3AtY29udGVudFwvdXBsb2Fkc1wvMjAyM1wvMDRcLzIwMjIwNDAzMTYwMzQwX0lNR181OTYyLmpwZyIsInNsaWRlc2hvdyI6ImUzNDI5MzUifQ%3D%3D\"><img loading=\"lazy\" decoding=\"async\" width=\"600\" height=\"600\" src=\"https:\/\/yumacalador.com\/wp-content\/uploads\/2023\/04\/20220403160340_IMG_5962-600x600.jpg\" class=\"attachment-patiotime_600x600-crop size-patiotime_600x600-crop wp-image-6800\" alt=\"\" srcset=\"https:\/\/yumacalador.com\/wp-content\/uploads\/2023\/04\/20220403160340_IMG_5962-600x600.jpg 600w, https:\/\/yumacalador.com\/wp-content\/uploads\/2023\/04\/20220403160340_IMG_5962-150x150.jpg 150w, https:\/\/yumacalador.com\/wp-content\/uploads\/2023\/04\/20220403160340_IMG_5962-300x300.jpg 300w\" sizes=\"(max-width: 600px) 100vw, 600px\" \/><\/a>                    <\/div>                    <div class=\"pt-gallery-item\">                            <a href=\"https:\/\/yumacalador.com\/wp-content\/uploads\/2022\/04\/img-18.jpg\" data-elementor-open-lightbox=\"yes\" data-elementor-lightbox-slideshow=\"e342935\" data-elementor-lightbox-title=\"img-18.jpg\" data-e-action-hash=\"#elementor-action%3Aaction%3Dlightbox%26settings%3DeyJpZCI6NDg0MSwidXJsIjoiaHR0cHM6XC9cL3l1bWFjYWxhZG9yLmNvbVwvd3AtY29udGVudFwvdXBsb2Fkc1wvMjAyMlwvMDRcL2ltZy0xOC5qcGciLCJzbGlkZXNob3ciOiJlMzQyOTM1In0%3D\"><img loading=\"lazy\" decoding=\"async\" width=\"600\" height=\"600\" src=\"https:\/\/yumacalador.com\/wp-content\/uploads\/2022\/04\/img-18-600x600.jpg\" class=\"attachment-patiotime_600x600-crop size-patiotime_600x600-crop wp-image-4841\" alt=\"\" srcset=\"https:\/\/yumacalador.com\/wp-content\/uploads\/2022\/04\/img-18-600x600.jpg 600w, https:\/\/yumacalador.com\/wp-content\/uploads\/2022\/04\/img-18-150x150.jpg 150w, https:\/\/yumacalador.com\/wp-content\/uploads\/2022\/04\/img-18-300x300.jpg 300w\" sizes=\"(max-width: 600px) 100vw, 600px\" \/><\/a>                    <\/div>                    <div class=\"pt-gallery-item\">                            <a href=\"https:\/\/yumacalador.com\/wp-content\/uploads\/2023\/04\/20220403184429_IMG_6147.jpg\" data-elementor-open-lightbox=\"yes\" data-elementor-lightbox-slideshow=\"e342935\" data-elementor-lightbox-title=\"20220403184429_IMG_6147\" data-e-action-hash=\"#elementor-action%3Aaction%3Dlightbox%26settings%3DeyJpZCI6NjgwMywidXJsIjoiaHR0cHM6XC9cL3l1bWFjYWxhZG9yLmNvbVwvd3AtY29udGVudFwvdXBsb2Fkc1wvMjAyM1wvMDRcLzIwMjIwNDAzMTg0NDI5X0lNR182MTQ3LmpwZyIsInNsaWRlc2hvdyI6ImUzNDI5MzUifQ%3D%3D\"><img loading=\"lazy\" decoding=\"async\" width=\"600\" height=\"600\" src=\"https:\/\/yumacalador.com\/wp-content\/uploads\/2023\/04\/20220403184429_IMG_6147-600x600.jpg\" class=\"attachment-patiotime_600x600-crop size-patiotime_600x600-crop wp-image-6803\" alt=\"\" srcset=\"https:\/\/yumacalador.com\/wp-content\/uploads\/2023\/04\/20220403184429_IMG_6147-600x600.jpg 600w, https:\/\/yumacalador.com\/wp-content\/uploads\/2023\/04\/20220403184429_IMG_6147-300x300.jpg 300w, https:\/\/yumacalador.com\/wp-content\/uploads\/2023\/04\/20220403184429_IMG_6147-1024x1024.jpg 1024w, https:\/\/yumacalador.com\/wp-content\/uploads\/2023\/04\/20220403184429_IMG_6147-150x150.jpg 150w, https:\/\/yumacalador.com\/wp-content\/uploads\/2023\/04\/20220403184429_IMG_6147-768x768.jpg 768w, https:\/\/yumacalador.com\/wp-content\/uploads\/2023\/04\/20220403184429_IMG_6147-1536x1536.jpg 1536w, https:\/\/yumacalador.com\/wp-content\/uploads\/2023\/04\/20220403184429_IMG_6147-1440x1439.jpg 1440w, https:\/\/yumacalador.com\/wp-content\/uploads\/2023\/04\/20220403184429_IMG_6147-1200x1199.jpg 1200w, https:\/\/yumacalador.com\/wp-content\/uploads\/2023\/04\/20220403184429_IMG_6147-780x780.jpg 780w, https:\/\/yumacalador.com\/wp-content\/uploads\/2023\/04\/20220403184429_IMG_6147-550x550.jpg 550w, https:\/\/yumacalador.com\/wp-content\/uploads\/2023\/04\/20220403184429_IMG_6147-370x370.jpg 370w, https:\/\/yumacalador.com\/wp-content\/uploads\/2023\/04\/20220403184429_IMG_6147-255x255.jpg 255w, https:\/\/yumacalador.com\/wp-content\/uploads\/2023\/04\/20220403184429_IMG_6147.jpg 1600w\" sizes=\"(max-width: 600px) 100vw, 600px\" \/><\/a>                    <\/div>                <\/div>\n            <\/div>\t\t\t\t<\/div>\n\t\t\t\t<\/div>\n\t\t\t\t\t<\/div>\n\t\t<\/div>\n\t\t\t\t\t<\/div>\n\t\t<\/section>\n\t\t\t\t<section class=\"elementor-section elementor-top-section elementor-element elementor-element-18c2310 elementor-section-boxed elementor-section-height-default elementor-section-height-default\" data-id=\"18c2310\" data-element_type=\"section\">\n\t\t\t\t\t\t<div class=\"elementor-container elementor-column-gap-no\">\n\t\t\t\t\t<div class=\"elementor-column elementor-col-50 elementor-top-column elementor-element elementor-element-374325f pt-animation-medium-offset elementor-invisible\" data-id=\"374325f\" data-element_type=\"column\" data-settings=\"{&quot;background_background&quot;:&quot;classic&quot;,&quot;animation&quot;:&quot;fadeInUp&quot;,&quot;animation_delay&quot;:200}\">\n\t\t\t<div class=\"elementor-widget-wrap elementor-element-populated\">\n\t\t\t\t\t\t<div class=\"elementor-element elementor-element-11da9e0 elementor-widget elementor-widget-spacer\" data-id=\"11da9e0\" data-element_type=\"widget\" data-widget_type=\"spacer.default\">\n\t\t\t\t<div class=\"elementor-widget-container\">\n\t\t\t\t\t\t\t<div class=\"elementor-spacer\">\n\t\t\t<div class=\"elementor-spacer-inner\"><\/div>\n\t\t<\/div>\n\t\t\t\t\t\t<\/div>\n\t\t\t\t<\/div>\n\t\t\t\t\t<\/div>\n\t\t<\/div>\n\t\t\t\t<div class=\"elementor-column elementor-col-50 elementor-top-column elementor-element elementor-element-7a642d8\" data-id=\"7a642d8\" data-element_type=\"column\" data-settings=\"{&quot;background_background&quot;:&quot;classic&quot;}\">\n\t\t\t<div class=\"elementor-widget-wrap elementor-element-populated\">\n\t\t\t\t\t\t<div class=\"elementor-element elementor-element-25f55e9 elementor-widget elementor-widget-pt_title\" data-id=\"25f55e9\" data-element_type=\"widget\" data-widget_type=\"pt_title.default\">\n\t\t\t\t<div class=\"elementor-widget-container\">\n\t\t\t\t\t\n        <div class=\"pt-title-wrap text-center\">\t            <div class=\"pt-subtitle-wrap\"><span class=\"pt-subtitle\">Beloved Place<\/span><\/div>\t            <h6 class=\"pt-title\">\n\t                Unique Experience\t            <\/h6>\t            <div class=\"pt-title-text\">\n\t                <p>Embark on a unique culinary journey at Restaurant Yuma , where authenticity and innovation converge for an unforgettable dining experience. Delight in a tantalizing array of flavors, textures, and aromas expertly crafted by our passionate chefs, who blend traditional recipes with creative twists. Experience sustainability in every bite with locally sourced, organic ingredients that minimize our ecological impact. Our attentive staff creates a warm and inviting atmosphere, ensuring impeccable service throughout your visit. Whether you&#8217;re a culinary enthusiast, curious traveler, or local connoisseur, Restaurant Yuma offers an exceptional dining adventure. Discover meticulously plated dishes that captivate the senses, combining visual appeal with remarkable taste. Join us at Restaurant Yuma, where every visit promises an extraordinary gastronomic delight.<\/p>\t            <\/div>        <\/div>\t\t\t\t<\/div>\n\t\t\t\t<\/div>\n\t\t\t\t\t<\/div>\n\t\t<\/div>\n\t\t\t\t\t<\/div>\n\t\t<\/section>\n\t\t\t\t<\/div>\n\t\t","protected":false},"excerpt":{"rendered":"<p>Nuestra historia EL SECRETO DE NUESTRO \u00c9XITO Un espacio distintivo, bien conservado y confortable, productos de alta calidad, cocina aut\u00e9ntica, comida y bebida se hacen a la perfecci\u00f3n. &#8211; El mejor lugar para estar &#8211; Historia del restaurante Nuestra filosof\u00eda Exploraci\u00f3n culinaria aut\u00e9ntica en Cala d&#8217;Or, Mallorca. Descubre un mundo de sabores en el Restaurante &#8230;<\/p>\n","protected":false},"author":1,"featured_media":0,"parent":0,"menu_order":0,"comment_status":"closed","ping_status":"closed","template":"template-wide-content.php","meta":{"patiotime_single_page_hide_site_header":"","patiotime_single_page_site_header_source":"","patiotime_single_page_custom_site_header":"0","patiotime_single_page_custom_sticky_site_header":"0","patiotime_single_page_hide_page_title":"","patiotime_single_page_header_section_size":"","patiotime_single_page_header_background_color":"","patiotime_single_page_header_background_position_x":"center","patiotime_single_page_header_background_position_y":"center","patiotime_single_page_header_background_size":"cover","patiotime_single_page_header_background_repeat":"off","patiotime_single_page_header_background_scroll":"on","patiotime_single_page_header_text_color":"","patiotime_single_page_header_show_breadcrumb":"","patiotime_single_page_site_footer_hide_main":"","patiotime_single_custom_site_footer_main_source":"","patiotime_single_custom_site_footer_main":"0","patiotime_single_page_site_footer_hide_above":"","patiotime_single_custom_site_footer_above_source":"","patiotime_single_custom_site_footer_above":"0","patiotime_single_page_site_footer_hide_instagram":"","patiotime_single_page_site_footer_hide_bottom":"","patiotime_single_custom_mobile_menu_source":"","patiotime_single_custom_mobile_menu":"0","patiotime_single_custom_mobile_menu_animation":"","patiotime_single_custom_mobile_menu_width":"","patiotime_single_custom_mobile_menu_custom_width":375,"footnotes":""},"aioseo_notices":[],"_links":{"self":[{"href":"https:\/\/yumacalador.com\/es\/wp-json\/wp\/v2\/pages\/7355"}],"collection":[{"href":"https:\/\/yumacalador.com\/es\/wp-json\/wp\/v2\/pages"}],"about":[{"href":"https:\/\/yumacalador.com\/es\/wp-json\/wp\/v2\/types\/page"}],"author":[{"embeddable":true,"href":"https:\/\/yumacalador.com\/es\/wp-json\/wp\/v2\/users\/1"}],"replies":[{"embeddable":true,"href":"https:\/\/yumacalador.com\/es\/wp-json\/wp\/v2\/comments?post=7355"}],"version-history":[{"count":0,"href":"https:\/\/yumacalador.com\/es\/wp-json\/wp\/v2\/pages\/7355\/revisions"}],"wp:attachment":[{"href":"https:\/\/yumacalador.com\/es\/wp-json\/wp\/v2\/media?parent=7355"}],"curies":[{"name":"wp","href":"https:\/\/api.w.org\/{rel}","templated":true}]}}